{"id":2,"date":"2015-01-16T20:08:14","date_gmt":"2015-01-16T20:08:14","guid":{"rendered":"http:\/\/therapie-viernickel.de\/?page_id=2"},"modified":"2022-03-05T13:05:55","modified_gmt":"2022-03-05T13:05:55","slug":"beispiel-seite","status":"publish","type":"page","link":"https:\/\/therapie-viernickel.de\/?page_id=2","title":{"rendered":"Anfrage"},"content":{"rendered":"<p>Bitte\u00a0kontaktieren Sie mich gerne telefonisch.<\/p>\n<p>Mobil: 0177 46 35 406<\/p>\n<p>Festnetz: 03342 5029074<\/p>\n<p><i><small>Kontaktaufnahme per E-Mail: Ich weise darauf hin, dass die Daten\u00fcbertragung im Internet Sicherheitsl\u00fccken aufweisen kann. Ein l\u00fcckenloser Schutz der Daten vor dem Zugriff durch Dritte ist nicht m\u00f6glich. Sollten Sie \u00fcber E-Mail Kontakt mit mir aufnehmen, erfolgt die Verarbeitung Ihrer Daten aufgrund Ihrer freiwillig erteilten Einwilligung gem\u00e4\u00df Artikel 6 Abs 1 Satz 1 lit a DSGVO. Die Angabe Ihrer g\u00fcltigen E-Mail Adresse ist erforderlich, um Ihre Anfrage beantworten zu k\u00f6nnen. Diese Daten und Ihre Nachricht werden nur zur Bearbeitung und Beantwortung Ihrer Anfrage gespeichert. Die Daten werden gel\u00f6scht, sobald sie nicht mehr erforderlich sind und keine gesetzliche Aufbewahrungspflicht besteht. Eine Weitergabe an Dritte erfolgt nicht. Bitte schreiben Sie keine vertraulichen Informationen, insbesondere Gesundheitsdaten in eine E-Mail, sondern nutzen Sie diese nur zur ersten Kontaktaufnahme.<\/small><\/i><\/p>\n","protected":false},"excerpt":{"rendered":"<p>Bitte\u00a0kontaktieren Sie mich gerne telefonisch. Mobil: 0177 46 35 406 Festnetz: 03342 5029074 Kontaktaufnahme per E-Mail: Ich weise darauf hin, dass die Daten\u00fcbertragung im Internet Sicherheitsl\u00fccken aufweisen kann. Ein l\u00fcckenloser Schutz der Daten vor dem Zugriff durch Dritte ist nicht m\u00f6glich. Sollten Sie \u00fcber E-Mail Kontakt mit mir aufnehmen, erfolgt die Verarbeitung Ihrer Daten aufgrund [&hellip;]<\/p>\n","protected":false},"author":1,"featured_media":0,"parent":0,"menu_order":0,"comment_status":"closed","ping_status":"closed","template":"","meta":[],"_links":{"self":[{"href":"https:\/\/therapie-viernickel.de\/index.php?rest_route=\/wp\/v2\/pages\/2"}],"collection":[{"href":"https:\/\/therapie-viernickel.de\/index.php?rest_route=\/wp\/v2\/pages"}],"about":[{"href":"https:\/\/therapie-viernickel.de\/index.php?rest_route=\/wp\/v2\/types\/page"}],"author":[{"embeddable":true,"href":"https:\/\/therapie-viernickel.de\/index.php?rest_route=\/wp\/v2\/users\/1"}],"replies":[{"embeddable":true,"href":"https:\/\/therapie-viernickel.de\/index.php?rest_route=%2Fwp%2Fv2%2Fcomments&post=2"}],"version-history":[{"count":12,"href":"https:\/\/therapie-viernickel.de\/index.php?rest_route=\/wp\/v2\/pages\/2\/revisions"}],"predecessor-version":[{"id":92,"href":"https:\/\/therapie-viernickel.de\/index.php?rest_route=\/wp\/v2\/pages\/2\/revisions\/92"}],"wp:attachment":[{"href":"https:\/\/therapie-viernickel.de\/index.php?rest_route=%2Fwp%2Fv2%2Fmedia&parent=2"}],"curies":[{"name":"wp","href":"https:\/\/api.w.org\/{rel}","templated":true}]}}