{"id":4,"date":"2015-01-16T20:25:11","date_gmt":"2015-01-16T20:25:11","guid":{"rendered":"http:\/\/therapie-viernickel.de\/?page_id=4"},"modified":"2024-06-10T04:08:57","modified_gmt":"2024-06-10T04:08:57","slug":"impressum","status":"publish","type":"page","link":"https:\/\/therapie-viernickel.de\/?page_id=4","title":{"rendered":"Impressum"},"content":{"rendered":"<h3>Verantwortliche f\u00fcr den Inhalt dieser Webseiten<\/h3>\n<p>Rita Viernickel<br \/>\nLangenbeckstr. 36 &#8211; 38<br \/>\n15366 Neuenhagen bei Berlin<br \/>\nTelefon: +49 3342 5029074<br \/>\nE-Mail: kontakt[at]therapie-viernickel.de<\/p>\n<h3>Internet<\/h3>\n<p>www.therapie-viernickel.de<\/p>\n<h3>Zust\u00e4ndige Aufsichtsbeh\u00f6rde und Kammermitgliedschaft<\/h3>\n<p>Ostdeutsche Psychotherapeutenkammer<br \/>\nK\u00f6rperschaft des \u00f6ffentlichen Rechts<br \/>\nKickerlingsberg 16<br \/>\n04105 Leipzig<br \/>\nEmail: info@opk-info.de<br \/>\n<a href=\"https:\/\/opk-info.de\">https:\/\/opk-info.de<\/a><\/p>\n<h3>Gesetzliche Berufsbezeichnung<\/h3>\n<p>Psychologischer Psychotherapeut<br \/>\nDie Berufsbezeichnung \u201ePsychologischer Psychotherapeut\u201c, wurde durch das Landesamt f\u00fcr Gesundheit und Soziales Berlin verliehen.<\/p>\n<h3>Zulassungsnummern der Kassen\u00e4rztlichen Vereinigung Brandenburg<\/h3>\n<p>Lebenslange Arztnummer (LANR): 550419468<\/p>\n<p>Betriebsst\u00e4ttennummer Neuenhagen (BSNR): 830272900<br \/>\nBetriebsst\u00e4ttennummer Halbe (BSNR): 830270900<\/p>\n<h3>Ma\u00dfgebliche berufsrechtliche Regelungen<\/h3>\n<p><a href=\"https:\/\/opk-info.de\/wp-content\/uploads\/Berufsordnung-20141126.pdf?x32839\">Berufsordnung der Ostdeutschen Psychotherapeutenkammer<\/a><\/p>\n<p><a href=\"https:\/\/opk-info.de\/wp-content\/uploads\/Staatsvertrag_OPK.pdf?x32839\">Staatsvertrag OPK<\/a><br \/>\n<a href=\"http:\/\/www.revosax.sachsen.de\/vorschrift_gesamt\/3941.html\">S\u00e4chsisches Heilberufekammergesetz &#8211; S\u00e4chsHKaG<\/a><br \/>\n<a href=\"http:\/\/www.gesetze-im-internet.de\/psychthg\/BJNR131110998.html\">Psychotherapeutengesetz<\/a><br \/>\n<a href=\"https:\/\/www.g-ba.de\/downloads\/62-492-1266\/PT-RL_2016-11-24_iK-2017-02-16.pdf\">Psychotherapie-Richtlinie<\/a><br \/>\n<a href=\"http:\/\/www.bptk.de\/recht\/verguetung.html\">Regelungen zur Verg\u00fctung<\/a><br \/>\n<a href=\"http:\/\/www.kbv.de\/media\/sp\/01_Psychotherapie_Aerzte.pdf\">Psychotherapievereinbarung<\/a><\/p>\n<h3>Therapieverfahren<\/h3>\n<p>Verhaltenstherapie<\/p>\n<h3>Haftungshinweis<\/h3>\n<p><strong>Externe Links:<\/strong><\/p>\n<p>Trotz sorgf\u00e4ltiger inhaltlicher Kontrolle \u00fcbernehme ich keine Haftung f\u00fcr die Inhalte externer Links. F\u00fcr den Inhalt der verlinkten Seiten sind ausschlie\u00dflich deren Betreiber verantwortlich. Diese Seite enth\u00e4lt Links auf externe Webseiten Dritter. Auf die Inhalte dieser direkt oder indirekt verlinkten Webseiten habe ich keinen Einfluss. F\u00fcr die Richtigkeit der Inhalte ist immer der jeweilige Anbieter oder Betreiber verantwortlich, weshalb ich diesbez\u00fcglich keinerlei Gew\u00e4hr \u00fcbernehme.<br \/>\nDie fremden Webseiten wurden zum Zeitpunkt der Verlinkung auf m\u00f6gliche Rechtsverst\u00f6\u00dfe \u00fcberpr\u00fcft. Zum Zeitpunkt der Verlinkung waren keinerlei Rechtsverletzungen erkennbar. Eine st\u00e4ndige \u00dcberpr\u00fcfung s\u00e4mtlicher Inhalte der verlinkten Seiten ohne tats\u00e4chliche Anhaltspunkte f\u00fcr einen Rechtsversto\u00df kann ich nicht leisten. Falls Rechtsverletzungen bekannt werden, werde ich die entsprechenden Links sofort entfernen.<\/p>\n<p><strong>Inhalte:<\/strong><\/p>\n<p>Obwohl ich um Aktualit\u00e4t, Vollst\u00e4ndigkeit und Richtigkeit der Inhalte meiner Seiten bem\u00fcht bin, kann hierf\u00fcr keine Garantie \u00fcbernommen werden.<br \/>\nNach \u00a7 7 Absatz 1 DDG bin ich als Diensteanbieter f\u00fcr eigene Inhalte auf meinen Seiten nach den allgemeinen Gesetzen verantwortlich.<br \/>\nEine Verpflichtung zur \u00dcberwachung \u00fcbermittelter oder gespeicherter fremder Informationen besteht jedoch nicht (\u00a7\u00a7 8-10 DDG). Sobald Rechtsverst\u00f6\u00dfe bekannt werden, werde ich die entsprechenden Inhalte umgehend entfernen. Eine dahingehende Haftung wird jedoch erst ab dem Zeitpunkt der Kenntnis konkreter Rechtsverletzungen \u00fcbernommen.<\/p>\n","protected":false},"excerpt":{"rendered":"<p>Verantwortliche f\u00fcr den Inhalt dieser Webseiten Rita Viernickel Langenbeckstr. 36 &#8211; 38 15366 Neuenhagen bei Berlin Telefon: +49 3342 5029074 E-Mail: kontakt[at]therapie-viernickel.de Internet www.therapie-viernickel.de Zust\u00e4ndige Aufsichtsbeh\u00f6rde und Kammermitgliedschaft Ostdeutsche Psychotherapeutenkammer K\u00f6rperschaft des \u00f6ffentlichen Rechts Kickerlingsberg 16 04105 Leipzig Email: info@opk-info.de https:\/\/opk-info.de Gesetzliche Berufsbezeichnung Psychologischer Psychotherapeut Die Berufsbezeichnung \u201ePsychologischer Psychotherapeut\u201c, wurde durch das Landesamt f\u00fcr Gesundheit [&hellip;]<\/p>\n","protected":false},"author":1,"featured_media":0,"parent":0,"menu_order":0,"comment_status":"open","ping_status":"open","template":"","meta":[],"_links":{"self":[{"href":"https:\/\/therapie-viernickel.de\/index.php?rest_route=\/wp\/v2\/pages\/4"}],"collection":[{"href":"https:\/\/therapie-viernickel.de\/index.php?rest_route=\/wp\/v2\/pages"}],"about":[{"href":"https:\/\/therapie-viernickel.de\/index.php?rest_route=\/wp\/v2\/types\/page"}],"author":[{"embeddable":true,"href":"https:\/\/therapie-viernickel.de\/index.php?rest_route=\/wp\/v2\/users\/1"}],"replies":[{"embeddable":true,"href":"https:\/\/therapie-viernickel.de\/index.php?rest_route=%2Fwp%2Fv2%2Fcomments&post=4"}],"version-history":[{"count":9,"href":"https:\/\/therapie-viernickel.de\/index.php?rest_route=\/wp\/v2\/pages\/4\/revisions"}],"predecessor-version":[{"id":95,"href":"https:\/\/therapie-viernickel.de\/index.php?rest_route=\/wp\/v2\/pages\/4\/revisions\/95"}],"wp:attachment":[{"href":"https:\/\/therapie-viernickel.de\/index.php?rest_route=%2Fwp%2Fv2%2Fmedia&parent=4"}],"curies":[{"name":"wp","href":"https:\/\/api.w.org\/{rel}","templated":true}]}}