{"id":48,"date":"2018-05-20T08:52:58","date_gmt":"2018-05-20T08:52:58","guid":{"rendered":"http:\/\/therapie-viernickel.de\/?page_id=48"},"modified":"2019-08-05T19:44:24","modified_gmt":"2019-08-05T19:44:24","slug":"datenschutzerklaerung","status":"publish","type":"page","link":"https:\/\/therapie-viernickel.de\/?page_id=48","title":{"rendered":"Datenschutzerkl\u00e4rung"},"content":{"rendered":"<div class=\"page\" title=\"Page 1\">\n<div class=\"layoutArea\">\n<div class=\"column\">\n<p>Sehr geehrte Patientin, sehr geehrter Patient,<\/p>\n<p>Der Schutz Ihrer personenbezogenen Daten ist uns sehr wichtig. Nach der EU-Datenschutzgrundverordnung (<strong>DSGVO<\/strong>) sind wir verpflichtet, Sie daru\u0308ber zu informieren, zu welchem Zweck unsere Praxis Daten erhebt, speichert oder weiterleitet. Der Information ko\u0308nnen Sie auch entnehmen, welche Rechte Sie im Sinne von Einsichtnahme und Lo\u0308schung wahrnehmen ko\u0308nnen.<\/p>\n<h4>Verantwortliche<\/h4>\n<p>Psychotherapeutische Praxis <strong>Rita Viernickel<\/strong><br \/>\nAdresse: Langenbeckstr. 36 &#8211; 38, 15366 Neuenhagen bei Berlin<br \/>\nTel.: 03342 5029074<br \/>\nE-Mail: kontakt@therapie-viernickel.de<br \/>\nWebsite: www.therapie-viernickel.de<\/p>\n<h4>Arten der verarbeiteten Daten<\/h4>\n<ul>\n<li>Bestandsdaten (z.B., Namen, Adressen)<\/li>\n<li>Kontaktdaten (z.B., E-Mail, Telefonnummern)<\/li>\n<li>Inhaltsdaten (z.B., Texteingaben, Fotos)<\/li>\n<li>Nutzungsdaten (z.B., besuchte Webseiten, Interesse an Inhalten, Zugriffszeiten) &#8211; Meta-\/Kommunikationsdaten (z.B., Gera\u0308te-Informationen, IP-Adressen)<\/li>\n<\/ul>\n<h4>Zweck der Verarbeitung<\/h4>\n<ul>\n<li>Zurverfu\u0308gungstellung des Onlineangebotes, seiner Funktionen und Inhalte &#8211; Beantwortung von Kontaktanfragen und Kommunikation mit Nutzern<\/li>\n<li>Sicherheitsma\u00dfnahmen<\/li>\n<li>Reichweitenmessung\/Marketing<\/li>\n<\/ul>\n<h4>Umfang der Verarbeitung personenbezogener Daten<\/h4>\n<p>Wir verarbeiten personenbezogene Daten unserer Nutzer grundsa\u0308tzlich nur, soweit dies zur Bereitstellung einer funktionsfa\u0308higen Website sowie unserer Inhalte und Leistungen erforderlich ist. Die Verarbeitung personenbezogener Daten unserer Nutzer erfolgt regelma\u0308\u00dfig nur nach Einwilligung des Nutzers. Eine Ausnahme gilt in solchen Fa\u0308llen, in denen eine vorherige Einholung einer Einwilligung aus tatsa\u0308chlichen Gru\u0308nden nicht mo\u0308glich ist und die Verarbeitung der Daten durch gesetzliche Vorschriften gestattet ist.<\/p>\n<h4>Rechtsgrundlage fu\u0308r die Verarbeitung personenbezogener Daten<\/h4>\n<p>Soweit wir fu\u0308r Verarbeitungsvorga\u0308nge personenbezogener Daten eine <strong>Einwilligung<\/strong> der betroffenen Person einholen, dient Art. 6 Abs. 1 lit. a EU-Datenschutzgrundverordnung (DSGVO) als Rechtsgrundlage. Bei der Verarbeitung von personenbezogenen Daten, die zur <strong>Erfu\u0308llung eines Vertrages<\/strong>, dessen Vertragspartei die betroffene Person ist, erforderlich ist, dient Art. 6 Abs. 1 lit. b DSGVO als Rechtsgrundlage. Dies gilt auch fu\u0308r Verarbeitungsvorga\u0308nge, die zur Durchfu\u0308hrung vorvertraglicher Ma\u00dfnahmen erforderlich sind.<\/p>\n<p>Soweit eine Verarbeitung personenbezogener Daten zur <strong>Erfu\u0308llung einer rechtlichen Verpflichtung<\/strong> erforderlich ist, der unser Unternehmen unterliegt, dient Art. 6 Abs. 1 lit. c DSGVO als Rechtsgrundlage.<br \/>\nFu\u0308r den Fall, dass <strong>lebenswichtige Interessen<\/strong> der betroffenen Person oder einer anderen natu\u0308rlichen Person eine Verarbeitung personenbezogener Daten erforderlich machen, dient Art. 6 Abs. 1 lit. d DSGVO als Rechtsgrundlage.<br \/>\nIst die Verarbeitung zur <strong>Wahrung eines berechtigten Interesses<\/strong> <strong>unseres Unternehmens<\/strong> oder eines Dritten erforderlich und u\u0308berwiegen die Interessen, Grundrechte und Grundfreiheiten des Betroffenen das erstgenannte Interesse nicht, so dient Art. 6 Abs. 1 lit. f DSGVO als Rechtsgrundlage fu\u0308r die Verarbeitung.<\/p>\n<h4>Datenlo\u0308schung und Speicherdauer<\/h4>\n<p>Die personenbezogenen Daten der betroffenen Person werden gelo\u0308scht oder gesperrt, sobald der Zweck der Speicherung entfa\u0308llt. Eine Speicherung kann daru\u0308ber hinaus erfolgen, wenn dies durch den europa\u0308ischen oder nationalen Gesetzgeber in rechtlichen Verordnungen, Gesetzen oder sonstigen Vorschriften, denen der Verantwortliche unterliegt, vorgesehen wurde. Eine Sperrung oder Lo\u0308schung der Daten erfolgt auch dann, wenn eine durch die genannten Normen vorgeschriebene Speicherfrist abla\u0308uft, es sei denn, dass eine Erforderlichkeit zur weiteren Speicherung der Daten fu\u0308r einen Vertragsabschluss oder eine Vertragserfu\u0308llung besteht.<\/p>\n<\/div>\n<\/div>\n<\/div>\n<div class=\"page\" title=\"Page 2\">\n<div class=\"layoutArea\">\n<div class=\"column\">\n<h4>Sicherheitsma\u00dfnahmen<\/h4>\n<p>Wir bitten Sie, sich regelma\u0308\u00dfig u\u0308ber den Inhalt unserer Datenschutzerkla\u0308rung zu informieren. Wir passen die Datenschutzerkla\u0308rung an, sobald die A\u0308nderungen der von uns durchgefu\u0308hrten Datenverarbeitungen dies erforderlich machen. Wir informieren Sie, sobald durch die A\u0308nderungen eine Mitwirkungshandlung Ihrerseits (z.B. Einwilligung) oder eine sonstige individuelle Benachrichtigung erforderlich wird.<\/p>\n<h4>Zusammenarbeit mit Auftragsverarbeitern und Dritten<\/h4>\n<p>Sofern wir im Rahmen unserer Verarbeitung Daten gegenu\u0308ber anderen Personen und Unternehmen (Auftragsverarbeitern oder Dritten) offenbaren, sie an diese u\u0308bermitteln oder ihnen sonst Zugriff auf die Daten gewa\u0308hren, erfolgt dies nur auf Grundlage einer gesetzlichen Erlaubnis (z.B. wenn eine U\u0308bermittlung der Daten an Dritte, gem. Art. 6 Abs. 1 lit. b DSGVO zur Vertragserfu\u0308llung erforderlich ist), Sie eingewilligt haben, eine rechtliche Verpflichtung dies vorsieht oder auf Grundlage unserer berechtigten Interessen (z.B. bei Webhostern, etc.). Sofern wir Dritte mit der Verarbeitung von Daten auf Grundlage eines sog. \u201eAuftragsverarbeitungsvertrages\u201c beauftragen, geschieht dies auf Grundlage des Art. 28 DSGVO.<\/p>\n<h4>Bereitstellung der Website und Erstellung von Logfiles und Analysetools<\/h4>\n<p>Bei jedem Aufruf unserer Internetseite erfasst unser System automatisiert Daten und Informationen vom Computersystem des aufrufenden Rechners. Die Speicherung in Logfiles erfolgt, um die Funktionsfa\u0308higkeit der Website sicherzustellen. Zudem dienen uns die Daten zur Optimierung der Website und zur Sicherstellung der Sicherheit unserer informationstechnischen Systeme. Eine Auswertung der Daten zu Marketingzwecken findet in diesem Zusammenhang nicht statt.<\/p>\n<p>In diesen Zwecken liegt auch unser berechtigtes Interesse an der Datenverarbeitung<br \/>\nnach Art. 6 Abs. 1 lit. f DSGVO. In einem geschu\u0308tzten Bereich stellt der Provider ausschlie\u00dflich dem Website- Anbieter eine anonymisierte Statistik bereitgestellt. In der Statistik werden die Erreichbarkeit und der Bekanntheitsgrad der Website befristet protokolliert. Eine Zusammenfu\u0308hrung dieser Daten mit anderen Datenquellen wird nicht vorgenommen.<br \/>\nDie Webhosting-Leistungen sind in einem Auftragsverarbeitungsvertrages (Art. 28 Abs. 1 DSGVO) mit dem Provider\u00a0Host Europe GmbH,\u00a0Welserstra\u00dfe 14, K\u00f6ln, 51149, Deutschland geregelt. Folgende Daten werden hierbei erhoben:<\/p>\n<ol>\n<li>Informationen u\u0308ber den Browsertyp und die verwendete Version<\/li>\n<li>Das Betriebssystem des Nutzers<\/li>\n<li>Den Internet-Service-Provider des Nutzers<\/li>\n<li>Die IP-Adresse des Nutzers<\/li>\n<li>Datum und Uhrzeit des Zugriffs<\/li>\n<li>Websites, von denen das System des Nutzers auf unsere Internetseite gelangt<\/li>\n<\/ol>\n<p>Rechtsgrundlage fu\u0308r die voru\u0308bergehende Speicherung der Daten und der Logfiles ist Art. 6 Abs. 1 lit. f DSGVO.<\/p>\n<p>Zusa\u0308tzliche Analyse-Tools, die das Setzen von Cookies erforderlich machen, oder Social-Media-Plugins wie von Facebook, Twitter oder Google+ kommen auf diesen Seiten nicht zum Einsatz.<\/p>\n<h4>Kontaktaufnahme und E-Mail Kontakt<\/h4>\n<p>Beim Besuch dieser Website werden keine personenbezogenen Daten erhoben und die Kontaktaufnahme per E-Mail erfolgt technisch getrennt von der Website. Erst beim freiwilligen E-Mail-Kontakt werden perso\u0308nliche Angaben (z.B. Name, Mailadresse, Telefonnummer) gespeichert, um eine Beantwortung zu ermo\u0308glichen. Es erfolgt in diesem Zusammenhang <strong>keine<\/strong> Weitergabe der Daten an Dritte. Die Daten werden ausschlie\u00dflich fu\u0308r die Verarbeitung der Konversation verwendet. Sollten Sie \u00fcber E-Mail Kontakt mit uns aufnehmen, erfolgt die Verarbeitung Ihrer Daten aufgrund Ihrer freiwillig erteilten Einwilligung gem\u00e4\u00df Art. 6 Abs. 1 Satz 1 lit. 1 DSGVO. Rechtsgrundlage fu\u0308r die Verarbeitung der Daten, die im Zuge einer U\u0308bersendung einer E-Mail u\u0308bermittelt werden, ist Art. 6 Abs. 1 lit. f DSGVO. Zielt der E-Mail- Kontakt auf den Abschluss eines Vertrages ab, so ist zusa\u0308tzliche Rechtsgrundlage fu\u0308r die Verarbeitung Art. 6 Abs. 1 lit. b DSGVO.<\/p>\n<p>Wir weisen darauf hin, dass die Daten\u00fcbertragung im Internet Sicherheitsl\u00fccken aufweisen kann. Ein l\u00fcckenloser Schutz der Daten vor dem Zugriff durch Dritte ist nicht m\u00f6glich.<\/p>\n<p>Bitte schreiben Sie keine vertraulichen Informationen, insbesondere Gesundheitsdaten in eine unverschl\u00fcsselte E-Mail, sondern nutzen Sie diese nur zu einer ersten Kontaktaufnahme.<\/p>\n<p>Die Website verf\u00fcgt \u00fcber eine sichere SSL-Verschl\u00fcsselung. Da ein Datenschutz allgemein im Internet nicht vollst\u00e4ndig zu garantieren ist, \u00fcbermitteln Sie uns bitte keine sensible pers\u00f6nliche Daten ohne vorherige R\u00fccksprache.<\/p>\n<\/div>\n<\/div>\n<\/div>\n<div class=\"page\" title=\"Page 3\">\n<div class=\"layoutArea\">\n<div class=\"column\">\n<p>Der Nutzer hat jederzeit die Mo\u0308glichkeit, seine Einwilligung zur Verarbeitung der personenbezogenen Daten zu widerrufen. Nimmt der Nutzer per E-Mail Kontakt mit uns auf, so kann er der Speicherung seiner personenbezogenen Daten jederzeit widersprechen. In einem solchen Fall kann die Konversation nicht fortgefu\u0308hrt werden.<\/p>\n<h4>Rechte der betroffenen Person<\/h4>\n<ol>\n<li>Sie ko\u0308nnen von dem Verantwortlichen eine Besta\u0308tigung daru\u0308ber verlangen, ob und welche personenbezogene Daten, die Sie betreffen, von uns verarbeitet werden (<strong>Auskunftsrecht<\/strong>, Artikel 15 DSGVO).<\/li>\n<li>Sie haben ein Recht auf Berichtigung und\/oder Vervollsta\u0308ndigung gegenu\u0308ber dem Verantwortlichen, sofern die verarbeiteten personenbezogenen Daten, die Sie betreffen, unrichtig oder unvollsta\u0308ndig sind. Der Verantwortliche hat die Berichtigung unverzu\u0308glich vorzunehmen<br \/>\n(<strong>Berichtigungsrecht<\/strong>, Artikel 16 DSGVO).<\/li>\n<li>Die betroffene Person hat das Recht, von dem fu\u0308r die Verarbeitung Verantwortlichen die Lo\u0308schung von sie betreffenden personenbezogenen Daten und die Unterlassung jeglicher weiteren Verbreitung dieser Daten zu verlangen (<strong>Lo\u0308schungsrecht<\/strong>, Artikel 17 DSGVO).<\/li>\n<li>Werden personenbezogene Daten elektronisch in einem strukturierten ga\u0308ngigen elektronischen Format verarbeitet, hat die betroffene Person das Recht, von dem fu\u0308r die Verarbeitung Verantwortlichen eine Kopie der verarbeiteten Daten in einem von ihr weiter verwendbaren strukturierten ga\u0308ngigen elektronischen Format zu verlangen (<strong>Recht auf Datenu\u0308bertragung<\/strong>, Art. 18 DSGVO).Hat die betroffene Person die personenbezogenen Daten zur Verfu\u0308gung gestellt und basiert die Verarbeitung auf einer Einwilligung oder einem Vertrag, hat die betroffene Person das Recht, diese personenbezogenen Daten sowie etwaige sonstige von ihr zur Verfu\u0308gung gestellte Informationen, die in einem automatisierten Verarbeitungssystem gespeichert sind, in einem ga\u0308ngigen elektronischen Format in ein anderes System zu u\u0308berfu\u0308hren, ohne dabei von dem fu\u0308r die Verarbeitung Verantwortlichen, dem die personenbezogenen Daten entzogen werden, behindert zu werden.<\/li>\n<li>Sie haben das Recht, aus Gru\u0308nden, die sich aus ihrer besonderen Situation ergeben, jederzeit gegen die Verarbeitung der Sie betreffenden personenbezogenen Daten, die aufgrund von (Art. 6 Abs. 1 Buchstaben d, e oder f DSGVO) erfolgt, Widerspruch einzulegen; dies gilt auch fu\u0308r ein auf diese Bestimmungen gestu\u0308tztes Profiling (<strong>Recht auf Widerspruch<\/strong>, Art. 19 und 20 DSGVO).<\/li>\n<li>Sie haben das Recht, Ihre datenschutzrechtliche Einwilligungserkla\u0308rung jederzeit mit Wirkung auf die Zukunft zu widerrufen. Durch den Widerruf der Einwilligung wird die Rechtma\u0308\u00dfigkeit der aufgrund der Einwilligung bis zum Widerruf erfolgten Verarbeitung nicht beru\u0308hrt<br \/>\n(<strong>Recht auf Widerruf der datenschutzrechtlichen Einwilligungserkla\u0308rung<\/strong>, Art 7 Abs. 3 DGSVO).<\/li>\n<li>Unbeschadet eines anderweitigen verwaltungsrechtlichen oder gerichtlichen Rechtsbehelfs steht Ihnen das Recht auf Beschwerde bei einer Aufsichtsbeho\u0308rde, insbesondere in dem Mitgliedstaat ihres Aufenthaltsorts, ihres Arbeitsplatzes oder des Orts des mutma\u00dflichen Versto\u00dfes, zu, wenn Sie der Ansicht sind, dass die Verarbeitung der Sie betreffenden personenbezogenen Daten gegen die DSGVO versto\u0308\u00dft (<strong>Recht auf Beschwerde bei einer Aufsichtsbeho\u0308rde, Art. 22 DSGVO<\/strong>).<\/li>\n<\/ol>\n<p>Zusta\u0308ndig fu\u0308r die U\u0308berwachung der Einhaltung der Datenschutzverordnung und Ihr Ansprechpartner bei Beschwerden ist die Datenschutzbeho\u0308rde Ihres Bundeslandes. Eine Auflistung der Landesdatenschutzbeauftragten finden Sie unter <a href=\"http:\/\/goo.gl\/emrpSA\">goo.gl\/emrpSA<\/a>.<\/p>\n<\/div>\n<\/div>\n<div class=\"layoutArea\">\n<div class=\"column\">\n<p><em>Stand 19.05.2018<\/em><\/p>\n<\/div>\n<\/div>\n<\/div>\n","protected":false},"excerpt":{"rendered":"<p>Sehr geehrte Patientin, sehr geehrter Patient, Der Schutz Ihrer personenbezogenen Daten ist uns sehr wichtig. Nach der EU-Datenschutzgrundverordnung (DSGVO) sind wir verpflichtet, Sie daru\u0308ber zu informieren, zu welchem Zweck unsere Praxis Daten erhebt, speichert oder weiterleitet. Der Information ko\u0308nnen Sie auch entnehmen, welche Rechte Sie im Sinne von Einsichtnahme und Lo\u0308schung wahrnehmen ko\u0308nnen. Verantwortliche Psychotherapeutische [&hellip;]<\/p>\n","protected":false},"author":1,"featured_media":0,"parent":0,"menu_order":0,"comment_status":"closed","ping_status":"closed","template":"","meta":[],"_links":{"self":[{"href":"https:\/\/therapie-viernickel.de\/index.php?rest_route=\/wp\/v2\/pages\/48"}],"collection":[{"href":"https:\/\/therapie-viernickel.de\/index.php?rest_route=\/wp\/v2\/pages"}],"about":[{"href":"https:\/\/therapie-viernickel.de\/index.php?rest_route=\/wp\/v2\/types\/page"}],"author":[{"embeddable":true,"href":"https:\/\/therapie-viernickel.de\/index.php?rest_route=\/wp\/v2\/users\/1"}],"replies":[{"embeddable":true,"href":"https:\/\/therapie-viernickel.de\/index.php?rest_route=%2Fwp%2Fv2%2Fcomments&post=48"}],"version-history":[{"count":9,"href":"https:\/\/therapie-viernickel.de\/index.php?rest_route=\/wp\/v2\/pages\/48\/revisions"}],"predecessor-version":[{"id":72,"href":"https:\/\/therapie-viernickel.de\/index.php?rest_route=\/wp\/v2\/pages\/48\/revisions\/72"}],"wp:attachment":[{"href":"https:\/\/therapie-viernickel.de\/index.php?rest_route=%2Fwp%2Fv2%2Fmedia&parent=48"}],"curies":[{"name":"wp","href":"https:\/\/api.w.org\/{rel}","templated":true}]}}